{"id":75,"date":"2024-08-16T19:38:30","date_gmt":"2024-08-16T17:38:30","guid":{"rendered":"https:\/\/manikafilms.de\/?page_id=75"},"modified":"2025-05-16T13:26:43","modified_gmt":"2025-05-16T11:26:43","slug":"impressum","status":"publish","type":"page","link":"https:\/\/manikafilms.de\/en\/impressum\/","title":{"rendered":"Imprint"},"content":{"rendered":"<div data-elementor-type=\"wp-page\" data-elementor-id=\"75\" class=\"elementor elementor-75\">\n\t\t\t\t<div class=\"elementor-element elementor-element-197529a e-flex e-con-boxed e-con e-parent\" data-id=\"197529a\" data-element_type=\"container\">\n\t\t\t\t\t<div class=\"e-con-inner\">\n\t\t\t\t<div class=\"elementor-element elementor-element-d6f0936 elementor-widget elementor-widget-text-editor\" data-id=\"d6f0936\" data-element_type=\"widget\" data-widget_type=\"text-editor.default\">\n\t\t\t\t<div class=\"elementor-widget-container\">\n\t\t\t<style>\/*! elementor - v3.23.0 - 05-08-2024 *\/\n.elementor-widget-text-editor.elementor-drop-cap-view-stacked .elementor-drop-cap{background-color:#69727d;color:#fff}.elementor-widget-text-editor.elementor-drop-cap-view-framed .elementor-drop-cap{color:#69727d;border:3px solid;background-color:transparent}.elementor-widget-text-editor:not(.elementor-drop-cap-view-default) .elementor-drop-cap{margin-top:8px}.elementor-widget-text-editor:not(.elementor-drop-cap-view-default) .elementor-drop-cap-letter{width:1em;height:1em}.elementor-widget-text-editor .elementor-drop-cap{float:left;text-align:center;line-height:1;font-size:50px}.elementor-widget-text-editor .elementor-drop-cap-letter{display:inline-block}<\/style>\t\t\t\t<p><strong>F\u00fcr den Inhalt dieser Seite verantwortlich ist:<\/strong><\/p>\n<p>MANIKA Films<br>Max Kassun<br>Krempelsdorfer Allee 45<br>23556 L\u00fcbeck<br><\/p>\n<p>Inhaber: Max Kassun<\/p>\n<p><strong>Gew\u00e4hrleistung<\/strong><br>Alle Informationen und Erkl\u00e4rungen dieser Internetseiten sind unverbindlich. MANIKA Films \u00fcbernimmt f\u00fcr die Richtigkeit und Vollst\u00e4ndigkeit der Inhalte keine Gew\u00e4hr. Es wird keine Garantie \u00fcbernommen und keine Zusicherung von Produkteigenschaften gemacht. Aus den Inhalten der Internetseiten ergeben sich keine Rechtsanspr\u00fcche. Fehler im Inhalt werden bei Kenntnis dar\u00fcber unverz\u00fcglich korrigiert. Die Inhalte der Internetseiten k\u00f6nnen durch zeitverz\u00f6gerte Aktualisierung nicht permanent aktuell sein. Bitte fragen Sie uns daher zu dem Stand, technischen Details und Lieferbarkeit der Produkte und Dienstleistungen. Links auf andere Internetseiten werden nicht permanent kontrolliert. Somit \u00fcbernehmen wir keine Verantwortung f\u00fcr den Inhalt verlinkter Seiten.<\/p>\n<p><strong>Herunterladen von Daten und Software<\/strong><br>MANIKA Films \u00fcbernimmt keine Gew\u00e4hr f\u00fcr die Fehlerfreiheit von Daten und Software, die von den Internetseiten heruntergeladen werden k\u00f6nnen. Die Software wird von MANIKA Films auf Virenbefall \u00fcberpr\u00fcft. Wir empfehlen dennoch, Daten und Software nach dem Herunterladen auf Virenbefall mit jeweils neuster Virensuchsoftware zu pr\u00fcfen.<\/p>\n<p><strong>Urheberrechte und Sonderschutzrechte<\/strong><br>Der Inhalt dieser Internetseiten ist urheberrechtlich gesch\u00fctzt. Es darf eine Kopie der Informationen der Internetseiten auf einem einzigen Computer f\u00fcr den nicht-kommerziellen und pers\u00f6nlichen internen Gebrauch gespeichert werden. Grafiken, Texte, Logos, Bilder usw. d\u00fcrfen nur nach schriftlicher Genehmigung durch MANIKA Films heruntergeladen, vervielf\u00e4ltigt, kopiert, ge\u00e4ndert, ver\u00f6ffentlicht, versendet, \u00fcbertragen oder in sonstiger Form genutzt werden. Bei genannten Produkt- und Firmennamen kann es sich um eingetragene Warenzeichen oder Marken handeln. Die unberechtigte Verwendung kann zu Schadensersatzanspr\u00fcchen und Unterlassungsanspr\u00fcchen f\u00fchren.<\/p>\n<p><strong>Schutz pers\u00f6nlicher Daten und Vertraulichkeit<\/strong><br>Es kann nicht garantiert werden, dass Informationen oder pers\u00f6nliche Daten, die uns \u00fcbermittelt werden, bei der \u00dcbermittlung nicht von Dritten \u201eabgeh\u00f6rt\u201c werden.<\/p>\n<p><strong>Haftung<\/strong><br>MANIKA Films haftet nicht f\u00fcr Sch\u00e4den, insbesondere nicht f\u00fcr unmittelbare oder mittelbare Folgesch\u00e4den, Datenverlust, entgangenen Gewinn, System- oder Produktionsausf\u00e4lle, die durch die Nutzung dieser Internetseiten oder das Herunterladen von Daten entstehen. Liegt bei einem entstandenen Schaden durch die Nutzung der Internetseiten oder das Herunterladen von Daten Vorsatz oder grobe Fahrl\u00e4ssigkeit vor, gilt der Haftungsausschluss nicht. Die durch die Nutzung der Internetseiten entstandene Rechtsbeziehung zwischen Ihnen und MANIKA Films unterliegt dem Recht der Bundesrepublik Deutschland. Bei Rechtsstreitigkeiten mit Vollkaufleuten, die aus der Nutzung dieser Internetseiten resultieren, ist der Gerichtsstand der Sitz von MANIKA Films in L\u00fcbeck.<\/p>\n<p><strong>Erl\u00e4uterungen zum Datenschutz<\/strong><br>MANIKA Films m\u00f6chte das Vertrauen der Nutzer in das Web f\u00f6rdern und legt aus diesem Grund den Umgang mit personenbezogenen Daten offen. Nachfolgend erfahren, Sie welche Informationen gesammelt werden und wie mit diesen verfahren wird. Sie k\u00f6nnen im Regelfall alle Internetseiten von MANIKA Films aufrufen ohne Angaben \u00fcber Ihre Person zu machen. Werden im Einzelfall Ihr Name, Ihre Anschrift oder sonstige pers\u00f6nliche Daten ben\u00f6tigt, so werden Sie zuvor darauf hingewiesen. Ihre personenbezogenen Nutzungsdaten werden verwendet, um den Service von MANIKA Films f\u00fcr Sie so angenehm wie m\u00f6glich zu gestalten und zu verbessern.<\/p>\n<p><strong style=\"color: var( --e-global-color-text ); font-family: var( --e-global-typography-text-font-family ), Sans-serif; text-align: var(--text-align); font-size: 1rem;\">Konzept, Gestaltung und Umsetzung der Website<\/strong><\/p>\n<p>Max Kassun<\/p>\t\t\t\t\t\t<\/div>\n\t\t\t\t<\/div>\n\t\t\t\t\t<\/div>\n\t\t\t\t<\/div>\n\t\t\t\t<\/div>","protected":false},"excerpt":{"rendered":"<p>F\u00fcr den Inhalt dieser Seite verantwortlich ist: MANIKA FilmsMax KassunKrempelsdorfer Allee 4523556 L\u00fcbeck Inhaber: Max Kassun Gew\u00e4hrleistungAlle Informationen und Erkl\u00e4rungen dieser Internetseiten sind unverbindlich. MANIKA Films \u00fcbernimmt f\u00fcr die Richtigkeit und Vollst\u00e4ndigkeit der Inhalte keine Gew\u00e4hr. Es wird keine Garantie \u00fcbernommen und keine Zusicherung von Produkteigenschaften gemacht. Aus den Inhalten der Internetseiten ergeben sich keine [&hellip;]<\/p>","protected":false},"author":1,"featured_media":0,"parent":0,"menu_order":0,"comment_status":"closed","ping_status":"closed","template":"","meta":{"footnotes":""},"class_list":["post-75","page","type-page","status-publish","hentry"],"yoast_head":"<!-- This site is optimized with the Yoast SEO plugin v24.0 - https:\/\/yoast.com\/wordpress\/plugins\/seo\/ -->\n<title>Impressum - MANIKA Films<\/title>\n<meta name=\"robots\" content=\"index, follow, max-snippet:-1, max-image-preview:large, max-video-preview:-1\" \/>\n<link rel=\"canonical\" href=\"https:\/\/manikafilms.de\/en\/impressum\/\" \/>\n<meta property=\"og:locale\" content=\"en_US\" \/>\n<meta property=\"og:type\" content=\"article\" \/>\n<meta property=\"og:title\" content=\"Impressum - MANIKA Films\" \/>\n<meta property=\"og:description\" content=\"F\u00fcr den Inhalt dieser Seite verantwortlich ist: MANIKA FilmsMax KassunKrempelsdorfer Allee 4523556 L\u00fcbeck Inhaber: Max Kassun Gew\u00e4hrleistungAlle Informationen und Erkl\u00e4rungen dieser Internetseiten sind unverbindlich. MANIKA Films \u00fcbernimmt f\u00fcr die Richtigkeit und Vollst\u00e4ndigkeit der Inhalte keine Gew\u00e4hr. Es wird keine Garantie \u00fcbernommen und keine Zusicherung von Produkteigenschaften gemacht. Aus den Inhalten der Internetseiten ergeben sich keine [&hellip;]\" \/>\n<meta property=\"og:url\" content=\"https:\/\/manikafilms.de\/en\/impressum\/\" \/>\n<meta property=\"og:site_name\" content=\"MANIKA Films\" \/>\n<meta property=\"article:modified_time\" content=\"2025-05-16T11:26:43+00:00\" \/>\n<meta property=\"og:image\" content=\"https:\/\/manikafilms.de\/wp-content\/uploads\/2024\/08\/roadtolatokya.jpg\" \/>\n\t<meta property=\"og:image:width\" content=\"1920\" \/>\n\t<meta property=\"og:image:height\" content=\"1080\" \/>\n\t<meta property=\"og:image:type\" content=\"image\/jpeg\" \/>\n<meta name=\"twitter:card\" content=\"summary_large_image\" \/>\n<meta name=\"twitter:label1\" content=\"Est. reading time\" \/>\n\t<meta name=\"twitter:data1\" content=\"3 minutes\" \/>\n<script type=\"application\/ld+json\" class=\"yoast-schema-graph\">{\"@context\":\"https:\/\/schema.org\",\"@graph\":[{\"@type\":\"WebPage\",\"@id\":\"https:\/\/manikafilms.de\/impressum\/\",\"url\":\"https:\/\/manikafilms.de\/impressum\/\",\"name\":\"Impressum - MANIKA Films\",\"isPartOf\":{\"@id\":\"https:\/\/manikafilms.de\/#website\"},\"datePublished\":\"2024-08-16T17:38:30+00:00\",\"dateModified\":\"2025-05-16T11:26:43+00:00\",\"breadcrumb\":{\"@id\":\"https:\/\/manikafilms.de\/impressum\/#breadcrumb\"},\"inLanguage\":\"en-US\",\"potentialAction\":[{\"@type\":\"ReadAction\",\"target\":[\"https:\/\/manikafilms.de\/impressum\/\"]}]},{\"@type\":\"BreadcrumbList\",\"@id\":\"https:\/\/manikafilms.de\/impressum\/#breadcrumb\",\"itemListElement\":[{\"@type\":\"ListItem\",\"position\":1,\"name\":\"Startseite\",\"item\":\"https:\/\/manikafilms.de\/de\/\"},{\"@type\":\"ListItem\",\"position\":2,\"name\":\"Impressum\"}]},{\"@type\":\"WebSite\",\"@id\":\"https:\/\/manikafilms.de\/#website\",\"url\":\"https:\/\/manikafilms.de\/\",\"name\":\"MANIKA Films\",\"description\":\"Filmproduktion in Hamburg\",\"publisher\":{\"@id\":\"https:\/\/manikafilms.de\/#organization\"},\"potentialAction\":[{\"@type\":\"SearchAction\",\"target\":{\"@type\":\"EntryPoint\",\"urlTemplate\":\"https:\/\/manikafilms.de\/?s={search_term_string}\"},\"query-input\":{\"@type\":\"PropertyValueSpecification\",\"valueRequired\":true,\"valueName\":\"search_term_string\"}}],\"inLanguage\":\"en-US\"},{\"@type\":\"Organization\",\"@id\":\"https:\/\/manikafilms.de\/#organization\",\"name\":\"MANIKA Films\",\"url\":\"https:\/\/manikafilms.de\/\",\"logo\":{\"@type\":\"ImageObject\",\"inLanguage\":\"en-US\",\"@id\":\"https:\/\/manikafilms.de\/#\/schema\/logo\/image\/\",\"url\":\"https:\/\/manikafilms.de\/wp-content\/uploads\/2024\/08\/MANIKA-logo-black-small.png\",\"contentUrl\":\"https:\/\/manikafilms.de\/wp-content\/uploads\/2024\/08\/MANIKA-logo-black-small.png\",\"width\":500,\"height\":231,\"caption\":\"MANIKA Films\"},\"image\":{\"@id\":\"https:\/\/manikafilms.de\/#\/schema\/logo\/image\/\"},\"sameAs\":[\"https:\/\/instagram.com\/bleibdochnoch\"]}]}<\/script>\n<!-- \/ Yoast SEO plugin. -->","yoast_head_json":{"title":"Impressum - MANIKA Films","robots":{"index":"index","follow":"follow","max-snippet":"max-snippet:-1","max-image-preview":"max-image-preview:large","max-video-preview":"max-video-preview:-1"},"canonical":"https:\/\/manikafilms.de\/en\/impressum\/","og_locale":"en_US","og_type":"article","og_title":"Impressum - MANIKA Films","og_description":"F\u00fcr den Inhalt dieser Seite verantwortlich ist: MANIKA FilmsMax KassunKrempelsdorfer Allee 4523556 L\u00fcbeck Inhaber: Max Kassun Gew\u00e4hrleistungAlle Informationen und Erkl\u00e4rungen dieser Internetseiten sind unverbindlich. MANIKA Films \u00fcbernimmt f\u00fcr die Richtigkeit und Vollst\u00e4ndigkeit der Inhalte keine Gew\u00e4hr. Es wird keine Garantie \u00fcbernommen und keine Zusicherung von Produkteigenschaften gemacht. Aus den Inhalten der Internetseiten ergeben sich keine [&hellip;]","og_url":"https:\/\/manikafilms.de\/en\/impressum\/","og_site_name":"MANIKA Films","article_modified_time":"2025-05-16T11:26:43+00:00","og_image":[{"width":1920,"height":1080,"url":"https:\/\/manikafilms.de\/wp-content\/uploads\/2024\/08\/roadtolatokya.jpg","type":"image\/jpeg"}],"twitter_card":"summary_large_image","twitter_misc":{"Est. reading time":"3 minutes"},"schema":{"@context":"https:\/\/schema.org","@graph":[{"@type":"WebPage","@id":"https:\/\/manikafilms.de\/impressum\/","url":"https:\/\/manikafilms.de\/impressum\/","name":"Impressum - MANIKA Films","isPartOf":{"@id":"https:\/\/manikafilms.de\/#website"},"datePublished":"2024-08-16T17:38:30+00:00","dateModified":"2025-05-16T11:26:43+00:00","breadcrumb":{"@id":"https:\/\/manikafilms.de\/impressum\/#breadcrumb"},"inLanguage":"en-US","potentialAction":[{"@type":"ReadAction","target":["https:\/\/manikafilms.de\/impressum\/"]}]},{"@type":"BreadcrumbList","@id":"https:\/\/manikafilms.de\/impressum\/#breadcrumb","itemListElement":[{"@type":"ListItem","position":1,"name":"Startseite","item":"https:\/\/manikafilms.de\/de\/"},{"@type":"ListItem","position":2,"name":"Impressum"}]},{"@type":"WebSite","@id":"https:\/\/manikafilms.de\/#website","url":"https:\/\/manikafilms.de\/","name":"MANIKA Films","description":"Filmproduktion in Hamburg","publisher":{"@id":"https:\/\/manikafilms.de\/#organization"},"potentialAction":[{"@type":"SearchAction","target":{"@type":"EntryPoint","urlTemplate":"https:\/\/manikafilms.de\/?s={search_term_string}"},"query-input":{"@type":"PropertyValueSpecification","valueRequired":true,"valueName":"search_term_string"}}],"inLanguage":"en-US"},{"@type":"Organization","@id":"https:\/\/manikafilms.de\/#organization","name":"MANIKA Films","url":"https:\/\/manikafilms.de\/","logo":{"@type":"ImageObject","inLanguage":"en-US","@id":"https:\/\/manikafilms.de\/#\/schema\/logo\/image\/","url":"https:\/\/manikafilms.de\/wp-content\/uploads\/2024\/08\/MANIKA-logo-black-small.png","contentUrl":"https:\/\/manikafilms.de\/wp-content\/uploads\/2024\/08\/MANIKA-logo-black-small.png","width":500,"height":231,"caption":"MANIKA Films"},"image":{"@id":"https:\/\/manikafilms.de\/#\/schema\/logo\/image\/"},"sameAs":["https:\/\/instagram.com\/bleibdochnoch"]}]}},"_links":{"self":[{"href":"https:\/\/manikafilms.de\/en\/wp-json\/wp\/v2\/pages\/75","targetHints":{"allow":["GET"]}}],"collection":[{"href":"https:\/\/manikafilms.de\/en\/wp-json\/wp\/v2\/pages"}],"about":[{"href":"https:\/\/manikafilms.de\/en\/wp-json\/wp\/v2\/types\/page"}],"author":[{"embeddable":true,"href":"https:\/\/manikafilms.de\/en\/wp-json\/wp\/v2\/users\/1"}],"replies":[{"embeddable":true,"href":"https:\/\/manikafilms.de\/en\/wp-json\/wp\/v2\/comments?post=75"}],"version-history":[{"count":13,"href":"https:\/\/manikafilms.de\/en\/wp-json\/wp\/v2\/pages\/75\/revisions"}],"predecessor-version":[{"id":342,"href":"https:\/\/manikafilms.de\/en\/wp-json\/wp\/v2\/pages\/75\/revisions\/342"}],"wp:attachment":[{"href":"https:\/\/manikafilms.de\/en\/wp-json\/wp\/v2\/media?parent=75"}],"curies":[{"name":"wp","href":"https:\/\/api.w.org\/{rel}","templated":true}]}}